{"id":83,"date":"2026-01-04T15:46:57","date_gmt":"2026-01-04T15:46:57","guid":{"rendered":"https:\/\/yvxfhsu.cluster100.hosting.ovh.net\/?page_id=83"},"modified":"2026-01-04T15:47:58","modified_gmt":"2026-01-04T15:47:58","slug":"formulaire-voyage","status":"publish","type":"page","link":"https:\/\/www.terrevivanteavelo.org\/index.php\/formulaire-voyage\/","title":{"rendered":"Formulaire Voyage"},"content":{"rendered":"\t\t<div data-elementor-type=\"wp-page\" data-elementor-id=\"83\" class=\"elementor elementor-83\">\n\t\t\t\t<div class=\"elementor-element elementor-element-2d8a90b e-flex e-con-boxed e-con e-parent\" data-id=\"2d8a90b\" data-element_type=\"container\" data-e-type=\"container\">\n\t\t\t\t\t<div class=\"e-con-inner\">\n\t\t\t\t<div class=\"elementor-element elementor-element-00c96b6 elementor-widget elementor-widget-shortcode\" data-id=\"00c96b6\" data-element_type=\"widget\" data-e-type=\"widget\" data-widget_type=\"shortcode.default\">\n\t\t\t\t\t\t\t<div class=\"elementor-shortcode\">        <h2 class=\"fv-form-title\">Page de cr\u00e9ation d'un nouveau voyage<\/h2>\n        <div class=\"voyage-form-wrapper\">\n            <form action=\"\" method=\"post\" enctype=\"multipart\/form-data\" class=\"fv-form\">\n                <!-- Titre -->\n                <div class=\"voyage-block\">\n                    <label for=\"titre_voyage\">Titre du voyage *<\/label>\n                    <input type=\"text\" id=\"titre_voyage\" name=\"titre_voyage\" required>\n                <\/div>\n\n                <!-- Dates + Organisateur -->\n                <div class=\"voyage-field-row\">\n                    <div class=\"voyage-field\">\n                        <label for=\"date_voyage\">Dates *<\/label>\n                        <input type=\"text\" id=\"date_voyage\" name=\"date_voyage\" placeholder=\"ex : du 21 mai au 12 juin 2026\" required>\n                    <\/div>\n                    <div class=\"voyage-field\">\n                        <label for=\"organisateur\">Organisateur<\/label>\n                        <input type=\"text\" id=\"organisateur\" name=\"organisateur\">\n                    <\/div>\n                <\/div>\n\n                <!-- Niveau + Parcours + H\u00e9bergement -->\n                <div class=\"voyage-field-row\">\n                    <div class=\"voyage-field\">\n                        <label for=\"niveau\">Niveau *<\/label>\n                        <select id=\"niveau\" name=\"niveau\" required>\n   \t\t\t\t\t\t\t<option value=\"\">-- Choisir --<\/option>\n    \t\t\t\t\t\t<option value=\"1-velo\">1 v\u00e9lo<\/option>\n    \t\t\t\t\t\t<option value=\"2-velo\">2 v\u00e9los<\/option>\n    \t\t\t\t\t\t<option value=\"3-velo\">3 v\u00e9los<\/option>\n\t\t\t\t\t\t<\/select>\n\t\t\t\t\t\t\n                    <\/div>\n                    <div class=\"voyage-field\">\n                        <label for=\"parcours\">Parcours (ex: 56km\/j)<\/label>\n                        <input type=\"text\" id=\"parcours\" name=\"parcours\">\n                    <\/div>\n                    <div class=\"voyage-field\">\n                        <label for=\"hebergement\">H\u00e9bergement<\/label>\n                        <input type=\"text\" id=\"hebergement\" name=\"hebergement\">\n                    <\/div>\n                <\/div>\n\n                <!-- R\u00e9sum\u00e9 -->\n                <div class=\"voyage-block\">\n                    <label for=\"resume_voyage\">R\u00e9sum\u00e9 du voyage (max 100 caract\u00e8res)<\/label>\n                    <textarea id=\"resume_voyage\" name=\"resume_voyage\" maxlength=\"100\" rows=\"3\"><\/textarea>\n                <\/div>\n\n                <!-- \u00c0 noter -->\n                <div class=\"voyage-block\">\n                    <label for=\"a_noter\">\u00c0 noter (max 100 caract\u00e8res)<\/label>\n                    <textarea id=\"a_noter\" name=\"a_noter\" maxlength=\"100\" rows=\"2\"><\/textarea>\n                <\/div>\n\n                <!-- Photo -->\n                <div class=\"voyage-block\">\n                    <label for=\"photo\">Photo mise en avant<\/label>\n                    <input type=\"file\" id=\"photo\" name=\"photo\" accept=\"image\/*\">\n                <\/div>\n\n                <!-- GPX multiple -->\n                <div class=\"voyage-block\">\n                    <label for=\"gpx_files\">Fichiers GPX (s\u00e9lection multiple possible)<\/label>\n                    <input type=\"file\" id=\"gpx_files\" name=\"gpx_files[]\" accept=\".gpx,.xml\" multiple>\n                <\/div>\n\n                <!-- Editors -->\n                <div class=\"voyage-block\">\n                    <label for=\"texte_description\">Descriptif<\/label>\n                    <div id=\"wp-texte_description-wrap\" class=\"wp-core-ui wp-editor-wrap tmce-active\"><link rel='stylesheet' id='dashicons-css' href='https:\/\/www.terrevivanteavelo.org\/wp-includes\/css\/dashicons.min.css?ver=6.9.4' media='all' \/>\n<link rel='stylesheet' id='editor-buttons-css' href='https:\/\/www.terrevivanteavelo.org\/wp-includes\/css\/editor.min.css?ver=6.9.4' media='all' \/>\n<div id=\"wp-texte_description-editor-tools\" class=\"wp-editor-tools hide-if-no-js\"><div class=\"wp-editor-tabs\"><button type=\"button\" id=\"texte_description-tmce\" aria-pressed=\"true\" class=\"wp-switch-editor switch-tmce\" data-wp-editor-id=\"texte_description\">Visuel<\/button>\n<button type=\"button\" id=\"texte_description-html\" class=\"wp-switch-editor switch-html\" data-wp-editor-id=\"texte_description\">Code<\/button>\n<\/div>\n<\/div>\n<div id=\"wp-texte_description-editor-container\" class=\"wp-editor-container\"><div id=\"qt_texte_description_toolbar\" class=\"quicktags-toolbar hide-if-no-js\"><\/div><textarea class=\"wp-editor-area\" rows=\"8\" autocomplete=\"off\" cols=\"40\" name=\"texte_description\" id=\"texte_description\"><\/textarea><\/div>\n<\/div>\n\n                <\/div>\n\n                <div class=\"voyage-block\">\n                    <label for=\"inf_pratiques\">Informations pratiques<\/label>\n                    <div id=\"wp-inf_pratiques-wrap\" class=\"wp-core-ui wp-editor-wrap tmce-active\"><div id=\"wp-inf_pratiques-editor-tools\" class=\"wp-editor-tools hide-if-no-js\"><div class=\"wp-editor-tabs\"><button type=\"button\" id=\"inf_pratiques-tmce\" aria-pressed=\"true\" class=\"wp-switch-editor switch-tmce\" data-wp-editor-id=\"inf_pratiques\">Visuel<\/button>\n<button type=\"button\" id=\"inf_pratiques-html\" class=\"wp-switch-editor switch-html\" data-wp-editor-id=\"inf_pratiques\">Code<\/button>\n<\/div>\n<\/div>\n<div id=\"wp-inf_pratiques-editor-container\" class=\"wp-editor-container\"><div id=\"qt_inf_pratiques_toolbar\" class=\"quicktags-toolbar hide-if-no-js\"><\/div><textarea class=\"wp-editor-area\" rows=\"8\" autocomplete=\"off\" cols=\"40\" name=\"inf_pratiques\" id=\"inf_pratiques\"><\/textarea><\/div>\n<\/div>\n\n                <\/div>\n\n                <input type=\"hidden\" name=\"fv_nonce\" value=\"015ea1eec6\">\n                <div style=\"text-align:right\">\n                    <button class=\"voyage-button\" type=\"submit\" name=\"fv_creer_article\">\u2795 Cr\u00e9er l'article<\/button>\n                <\/div>\n            <\/form>\n        <\/div>\n        <\/div>\n\t\t\t\t\t\t<\/div>\n\t\t\t\t\t<\/div>\n\t\t\t\t<\/div>\n\t\t\t\t<\/div>\n\t\t","protected":false},"excerpt":{"rendered":"","protected":false},"author":1,"featured_media":0,"parent":0,"menu_order":0,"comment_status":"closed","ping_status":"closed","template":"","meta":{"footnotes":""},"class_list":["post-83","page","type-page","status-publish","hentry"],"_links":{"self":[{"href":"https:\/\/www.terrevivanteavelo.org\/index.php\/wp-json\/wp\/v2\/pages\/83","targetHints":{"allow":["GET"]}}],"collection":[{"href":"https:\/\/www.terrevivanteavelo.org\/index.php\/wp-json\/wp\/v2\/pages"}],"about":[{"href":"https:\/\/www.terrevivanteavelo.org\/index.php\/wp-json\/wp\/v2\/types\/page"}],"author":[{"embeddable":true,"href":"https:\/\/www.terrevivanteavelo.org\/index.php\/wp-json\/wp\/v2\/users\/1"}],"replies":[{"embeddable":true,"href":"https:\/\/www.terrevivanteavelo.org\/index.php\/wp-json\/wp\/v2\/comments?post=83"}],"version-history":[{"count":4,"href":"https:\/\/www.terrevivanteavelo.org\/index.php\/wp-json\/wp\/v2\/pages\/83\/revisions"}],"predecessor-version":[{"id":87,"href":"https:\/\/www.terrevivanteavelo.org\/index.php\/wp-json\/wp\/v2\/pages\/83\/revisions\/87"}],"wp:attachment":[{"href":"https:\/\/www.terrevivanteavelo.org\/index.php\/wp-json\/wp\/v2\/media?parent=83"}],"curies":[{"name":"wp","href":"https:\/\/api.w.org\/{rel}","templated":true}]}}