{"id":58,"date":"2025-12-25T18:49:00","date_gmt":"2025-12-25T18:49:00","guid":{"rendered":"https:\/\/yvxfhsu.cluster100.hosting.ovh.net\/?page_id=58"},"modified":"2026-02-21T09:40:32","modified_gmt":"2026-02-21T09:40:32","slug":"accueil","status":"publish","type":"page","link":"https:\/\/www.terrevivanteavelo.org\/","title":{"rendered":"Accueil"},"content":{"rendered":"\t\t<div data-elementor-type=\"wp-page\" data-elementor-id=\"58\" class=\"elementor elementor-58\">\n\t\t\t\t<div class=\"elementor-element elementor-element-1dfd59d e-flex e-con-boxed e-con e-parent\" data-id=\"1dfd59d\" data-element_type=\"container\" data-e-type=\"container\">\n\t\t\t\t\t<div class=\"e-con-inner\">\n\t\t\t\t<div class=\"elementor-element elementor-element-a0f437d elementor-widget elementor-widget-text-editor\" data-id=\"a0f437d\" data-element_type=\"widget\" data-e-type=\"widget\" data-widget_type=\"text-editor.default\">\n\t\t\t\t\t\t\t\t\t<p style=\"padding-left: 40px;\">Voyager \u00e0 v\u00e9lo dans un collectif pour favoriser l&#8217;entraide et le partage d&#8217;exp\u00e9riences et de connaissances est un \u00e9tat d&#8217;esprit chez Terre Vivante \u00e0 V\u00e9lo. Pour nous, le v\u00e9lo est vecteur de mobilit\u00e9 \u00e9cologique, de sant\u00e9, de culture et d&#8217;\u00e9changes.<\/p><p style=\"padding-left: 40px;\">Nos adh\u00e9rents se mobilisent pour cr\u00e9er des randonn\u00e9es \u00e0 v\u00e9lo qui vous permettront :<\/p>\t\t\t\t\t\t\t\t<\/div>\n\t\t\t\t\t<\/div>\n\t\t\t\t<\/div>\n\t\t<div class=\"elementor-element elementor-element-04cd152 e-flex e-con-boxed e-con e-parent\" data-id=\"04cd152\" data-element_type=\"container\" data-e-type=\"container\">\n\t\t\t\t\t<div class=\"e-con-inner\">\n\t\t<div class=\"elementor-element elementor-element-50f1db6 e-con-full e-flex e-con e-child\" data-id=\"50f1db6\" data-element_type=\"container\" data-e-type=\"container\">\n\t\t\t\t<div class=\"elementor-element elementor-element-9875e6c elementor-widget elementor-widget-text-editor\" data-id=\"9875e6c\" data-element_type=\"widget\" data-e-type=\"widget\" data-widget_type=\"text-editor.default\">\n\t\t\t\t\t\t\t\t\t<ul><li>De voyager \u00e0 v\u00e9lo avec le soutien d&#8217;un groupe.<br \/><br \/><\/li><li>D&#8217;aborder des probl\u00e9matiques li\u00e9es au v\u00e9lo : \u00e9cologie, \u00e9conomie, d\u00e9veloppement durable\u2026<br \/><br \/><\/li><li>De maintenir votre forme physique et mentale.<\/li><\/ul>\t\t\t\t\t\t\t\t<\/div>\n\t\t\t\t<\/div>\n\t\t<div class=\"elementor-element elementor-element-1bb89ed e-con-full e-flex e-con e-child\" data-id=\"1bb89ed\" data-element_type=\"container\" data-e-type=\"container\">\n\t\t\t\t<div class=\"elementor-element elementor-element-aa83f95 elementor-widget elementor-widget-image\" data-id=\"aa83f95\" data-element_type=\"widget\" data-e-type=\"widget\" data-widget_type=\"image.default\">\n\t\t\t\t\t\t\t\t\t\t\t\t\t\t\t<img fetchpriority=\"high\" decoding=\"async\" width=\"800\" height=\"550\" src=\"https:\/\/www.terrevivanteavelo.org\/wp-content\/uploads\/2026\/01\/20240710_150556recadree-1024x704.jpg\" class=\"attachment-large size-large wp-image-2699\" alt=\"\" srcset=\"https:\/\/www.terrevivanteavelo.org\/wp-content\/uploads\/2026\/01\/20240710_150556recadree-1024x704.jpg 1024w, https:\/\/www.terrevivanteavelo.org\/wp-content\/uploads\/2026\/01\/20240710_150556recadree-300x206.jpg 300w, https:\/\/www.terrevivanteavelo.org\/wp-content\/uploads\/2026\/01\/20240710_150556recadree-768x528.jpg 768w, https:\/\/www.terrevivanteavelo.org\/wp-content\/uploads\/2026\/01\/20240710_150556recadree-1536x1056.jpg 1536w, https:\/\/www.terrevivanteavelo.org\/wp-content\/uploads\/2026\/01\/20240710_150556recadree-2048x1407.jpg 2048w\" sizes=\"(max-width: 800px) 100vw, 800px\" \/>\t\t\t\t\t\t\t\t\t\t\t\t\t\t\t<\/div>\n\t\t\t\t<\/div>\n\t\t<div class=\"elementor-element elementor-element-21da875 e-con-full e-flex e-con e-child\" data-id=\"21da875\" data-element_type=\"container\" data-e-type=\"container\">\n\t\t\t\t<div class=\"elementor-element elementor-element-1d684bf elementor-widget elementor-widget-text-editor\" data-id=\"1d684bf\" data-element_type=\"widget\" data-e-type=\"widget\" data-widget_type=\"text-editor.default\">\n\t\t\t\t\t\t\t\t\t<ul><li>D&#8217;aborder des aspects historiques et culturels des r\u00e9gions ou pays travers\u00e9s.<\/li><li>D&#8217;am\u00e9liorer vos connaissances (r\u00e9paration de v\u00e9lo, cartographie, planification d&#8217;itin\u00e9raire, gestion d&#8217;un groupe, dessin, \u00e9criture).<\/li><\/ul>\t\t\t\t\t\t\t\t<\/div>\n\t\t\t\t<\/div>\n\t\t\t\t\t<\/div>\n\t\t\t\t<\/div>\n\t\t<div class=\"elementor-element elementor-element-b968dd3 e-flex e-con-boxed e-con e-parent\" data-id=\"b968dd3\" data-element_type=\"container\" data-e-type=\"container\">\n\t\t\t\t\t<div class=\"e-con-inner\">\n\t\t\t\t<div class=\"elementor-element elementor-element-5019b0d elementor-widget elementor-widget-text-editor\" data-id=\"5019b0d\" data-element_type=\"widget\" data-e-type=\"widget\" data-widget_type=\"text-editor.default\">\n\t\t\t\t\t\t\t\t\t<p style=\"text-align: center;\">Vous pouvez nous rencontrer au cours d\u2019\u00e9v\u00e8nements ou de r\u00e9unions relatifs au d\u00e9veloppement de la pratique du v\u00e9lo en g\u00e9n\u00e9ral.<\/p>\t\t\t\t\t\t\t\t<\/div>\n\t\t\t\t\t<\/div>\n\t\t\t\t<\/div>\n\t\t<div class=\"elementor-element elementor-element-10e1b8c e-flex e-con-boxed e-con e-parent\" data-id=\"10e1b8c\" data-element_type=\"container\" data-e-type=\"container\">\n\t\t\t\t\t<div class=\"e-con-inner\">\n\t\t<div class=\"elementor-element elementor-element-107c791 e-con-full e-flex e-con e-child\" data-id=\"107c791\" data-element_type=\"container\" data-e-type=\"container\">\n\t\t\t\t<div class=\"elementor-element elementor-element-81f9f18 elementor-widget elementor-widget-text-editor\" data-id=\"81f9f18\" data-element_type=\"widget\" data-e-type=\"widget\" data-widget_type=\"text-editor.default\">\n\t\t\t\t\t\t\t\t\t<p style=\"text-align: right;\">Pour partager notre id\u00e9e du voyage \u00e0 v\u00e9lo :<\/p>\t\t\t\t\t\t\t\t<\/div>\n\t\t\t\t<\/div>\n\t\t<div class=\"elementor-element elementor-element-9866015 e-con-full e-flex e-con e-child\" data-id=\"9866015\" data-element_type=\"container\" data-e-type=\"container\">\n\t\t\t\t<div class=\"elementor-element elementor-element-ce83845 elementor-widget elementor-widget-button\" data-id=\"ce83845\" data-element_type=\"widget\" data-e-type=\"widget\" data-widget_type=\"button.default\">\n\t\t\t\t\t\t\t\t\t\t<a class=\"elementor-button elementor-button-link elementor-size-sm\" href=\"https:\/\/www.terrevivanteavelo.org\/index.php\/lesprit-de-nos-voyages\/\">\n\t\t\t\t\t\t<span class=\"elementor-button-content-wrapper\">\n\t\t\t\t\t\t\t\t\t<span class=\"elementor-button-text\">Notre conception du Voyage \u00e0 V\u00e9lo<\/span>\n\t\t\t\t\t<\/span>\n\t\t\t\t\t<\/a>\n\t\t\t\t\t\t\t\t<\/div>\n\t\t\t\t<\/div>\n\t\t\t\t\t<\/div>\n\t\t\t\t<\/div>\n\t\t<div class=\"elementor-element elementor-element-0dbafcf e-flex e-con-boxed e-con e-parent\" data-id=\"0dbafcf\" data-element_type=\"container\" data-e-type=\"container\">\n\t\t\t\t\t<div class=\"e-con-inner\">\n\t\t\t\t\t<\/div>\n\t\t\t\t<\/div>\n\t\t\t\t<\/div>\n\t\t","protected":false},"excerpt":{"rendered":"<p>Voyager \u00e0 v\u00e9lo dans un collectif pour favoriser l&#8217;entraide et le partage d&#8217;exp\u00e9riences et de connaissances est un \u00e9tat d&#8217;esprit chez Terre Vivante \u00e0 V\u00e9lo. Pour nous, le v\u00e9lo est vecteur de mobilit\u00e9 \u00e9cologique, de sant\u00e9, de culture et d&#8217;\u00e9changes. Nos adh\u00e9rents se mobilisent pour cr\u00e9er des randonn\u00e9es \u00e0 v\u00e9lo qui vous permettront : De [&hellip;]<\/p>\n","protected":false},"author":1,"featured_media":0,"parent":0,"menu_order":0,"comment_status":"closed","ping_status":"closed","template":"","meta":{"footnotes":""},"class_list":["post-58","page","type-page","status-publish","hentry"],"_links":{"self":[{"href":"https:\/\/www.terrevivanteavelo.org\/index.php\/wp-json\/wp\/v2\/pages\/58","targetHints":{"allow":["GET"]}}],"collection":[{"href":"https:\/\/www.terrevivanteavelo.org\/index.php\/wp-json\/wp\/v2\/pages"}],"about":[{"href":"https:\/\/www.terrevivanteavelo.org\/index.php\/wp-json\/wp\/v2\/types\/page"}],"author":[{"embeddable":true,"href":"https:\/\/www.terrevivanteavelo.org\/index.php\/wp-json\/wp\/v2\/users\/1"}],"replies":[{"embeddable":true,"href":"https:\/\/www.terrevivanteavelo.org\/index.php\/wp-json\/wp\/v2\/comments?post=58"}],"version-history":[{"count":37,"href":"https:\/\/www.terrevivanteavelo.org\/index.php\/wp-json\/wp\/v2\/pages\/58\/revisions"}],"predecessor-version":[{"id":3027,"href":"https:\/\/www.terrevivanteavelo.org\/index.php\/wp-json\/wp\/v2\/pages\/58\/revisions\/3027"}],"wp:attachment":[{"href":"https:\/\/www.terrevivanteavelo.org\/index.php\/wp-json\/wp\/v2\/media?parent=58"}],"curies":[{"name":"wp","href":"https:\/\/api.w.org\/{rel}","templated":true}]}}