{"id":2235,"date":"2026-01-01T21:53:08","date_gmt":"2026-01-01T21:53:08","guid":{"rendered":"https:\/\/wp.dmlk.ovh\/blog\/?page_id=2235"},"modified":"2026-02-03T18:49:00","modified_gmt":"2026-02-03T18:49:00","slug":"mentions-legales","status":"publish","type":"page","link":"https:\/\/www.terrevivanteavelo.org\/index.php\/mentions-legales\/","title":{"rendered":"Mentions L\u00e9gales"},"content":{"rendered":"\t\t<div data-elementor-type=\"wp-page\" data-elementor-id=\"2235\" class=\"elementor elementor-2235\">\n\t\t\t\t<div class=\"elementor-element elementor-element-9536f32 e-flex e-con-boxed e-con e-parent\" data-id=\"9536f32\" data-element_type=\"container\" data-e-type=\"container\">\n\t\t\t\t\t<div class=\"e-con-inner\">\n\t\t\t\t<div class=\"elementor-element elementor-element-978f4a2 elementor-widget elementor-widget-text-editor\" data-id=\"978f4a2\" data-element_type=\"widget\" data-e-type=\"widget\" data-widget_type=\"text-editor.default\">\n\t\t\t\t\t\t\t\t\t<h1 style=\"text-align: center;\"><strong>Mentions L\u00e9gales\u00a0<\/strong><\/h1><p style=\"text-align: center;\"><em><strong>Terre Vivante \u00e0 V\u00e9lo <\/strong>Derni\u00e8re mise \u00e0 jour : 01\/01\/2026<\/em><\/p><h5><strong>L\u2019objet de l\u2019association.<\/strong><\/h5><p>La promotion du voyage \u00e0 v\u00e9lo et de l\u2019utilisation du v\u00e9lo comme moyen de d\u00e9placement ;<\/p><ul><li>L\u2019organisation de randonn\u00e9es \u00e0 v\u00e9lo en France et \u00e0 l\u2019\u00e9tranger ;<\/li><li>Le d\u00e9veloppement des itin\u00e9raires \u00e0 v\u00e9lo sur une infrastructure de qualit\u00e9 et respectueuse des usagers.<\/li><\/ul><h5><strong>Elle porte les valeurs.<\/strong><\/h5><ul><li>De paix et d\u2019amiti\u00e9 entre les peuples ;<\/li><li>De lutte contre le d\u00e9r\u00e8glement climatique ;<\/li><li>D\u2019entraide et de bienveillance entre cyclistes ;<\/li><li>De partage d\u2019exp\u00e9riences et de connaissances.<\/li><\/ul><h5><strong>\u00c9diteur du site.<\/strong><\/h5><p><strong>Association Terre Vivante \u00e0 V\u00e9lo<\/strong>, association loi 1901<\/p><ul><li>Email : <strong><em>contact@terrevivanteavelo.org<\/em><\/strong><\/li><li>Repr\u00e9sentant l\u00e9gal : <strong><em>Pr\u00e9sident Fran\u00e7ois Bousselet et Co-pr\u00e9sident Yannick Menet<\/em><\/strong><\/li><\/ul><h5><strong>Conception et r\u00e9alisation technique.<\/strong><\/h5><p>Membres de l\u2019<strong>association Terre Vivante \u00e0 V\u00e9lo<\/strong><\/p><ul><li>Cr\u00e9dit photo : membres de l\u2019association Terre Vivante \u00e0 V\u00e9lo<br \/>Cr\u00e9dit affiche des randonn\u00e9es : membres de l\u2019association Terre Vivante \u00e0 V\u00e9lo<br \/>Cr\u00e9dit vid\u00e9o : membres de l\u2019association Terre Vivante \u00e0 V\u00e9lo<\/li><\/ul><p>RQ\u00a0: Le <strong>cr\u00e9dit photo<\/strong> est une mention obligatoire qui reconna\u00eet l&#8217;auteur d&#8217;une image et informe sur son origine, valorisant ainsi le travail cr\u00e9atif et technique du photographe.<\/p><h5><strong>H\u00e9bergeur et Nom de Domaine\u00a0: OVHcloud<\/strong><\/h5><p><a href=\"https:\/\/www.ovhcloud.com\">www.ovhcloud.com<\/a><\/p><p><strong>Si\u00e8ge social OVH\u00a0: <\/strong>2 rue Kellermann BP 80157 59100 Roubaix<\/p><p><strong>T\u00e9l\u00e9phone :<\/strong> 09 72 10 10 07<\/p><h5><strong>Donn\u00e9es personnelles.<\/strong><\/h5><p>Les donn\u00e9es collect\u00e9es sont utilis\u00e9es pour la gestion des adh\u00e9rents et l\u2019organisation d\u2019\u00e9v\u00e9nements. Vous disposez d\u2019un droit d\u2019acc\u00e8s, de rectification et de suppression de vos donn\u00e9es (contact : contact@terrevivanteavelo.org). Pour en savoir plus, consultez notre [politique de confidentialit\u00e9].<\/p><p>L\u2019utilisateur est inform\u00e9 que les informations nominatives qui lui sont demand\u00e9es sont n\u00e9cessaires au traitement de sa demande. Ces informations sont destin\u00e9es exclusivement \u00e0 l\u2019association.<\/p><p>Conform\u00e9ment \u00e0 la loi n\u00b0 78-17 du 6 janvier 1978 \u00ab Informatique et Libert\u00e9s \u00bb modernis\u00e9e, notamment par l&#8217;<strong>ordonnance du 12 d\u00e9cembre 2018<\/strong>, l\u2019utilisateur dispose \u00e0 tout moment d\u2019un droit d\u2019acc\u00e8s, de rectification et de suppression de ses donn\u00e9es personnelles le concernant.<br \/>Pour exercer ses droits l\u2019utilisateur, formule sa demande par mail \u00e0 l\u2019adresse suivante\u00a0: <a href=\"mailto:contact@terrevivanteavelo.org\">contact@terrevivanteavelo.org<\/a><\/p><p>Le visiteur s\u2019engage \u00e0 ne communiquer que des informations exactes et ne portant pas pr\u00e9judice aux int\u00e9r\u00eats des tiers. Les informations nominatives ainsi que les coordonn\u00e9es des visiteurs sont destin\u00e9es uniquement \u00e0 l\u2019association et ne seront pas divulgu\u00e9es \u00e0 des tiers sans autorisation expresse.<\/p><h5><strong>Droits de propri\u00e9t\u00e9 intellectuelle.<\/strong><\/h5><p>L\u2019ensemble du contenu de ce site est r\u00e9gi par le code de la Propri\u00e9t\u00e9 Intellectuelle.<br \/>La pr\u00e9sentation et le contenu du pr\u00e9sent site constituent une \u0153uvre prot\u00e9g\u00e9e par les lois en vigueur sur la propri\u00e9t\u00e9 intellectuelle, dont l\u2019<strong>association Terre Vivante \u00e0 V\u00e9lo<\/strong> est titulaire.<\/p><p>Les photographies, textes, slogans, dessins, mod\u00e8les, images, s\u00e9quences anim\u00e9es sonores ou non, ainsi que toutes \u0153uvres int\u00e9gr\u00e9es dans le site, sont la propri\u00e9t\u00e9 de l\u2019<strong>association Terre Vivante \u00e0 V\u00e9lo<\/strong> ou de tiers ayant autoris\u00e9 l\u2019<strong>association Terre Vivante \u00e0 V\u00e9lo<\/strong> \u00e0 les utiliser.<\/p><h5><strong>Limitation de responsabilit\u00e9.<\/strong><\/h5><ul><li>L\u2019association d\u00e9cline toute responsabilit\u00e9 quant \u00e0 l\u2019utilisation des informations publi\u00e9es sur ce site\u00a0;<\/li><li>En acc\u00e9dant \u00e0 ce site l\u2019utilisateur s\u2019engage \u00e0 se conformer \u00e0 ses conditions d\u2019utilisation\u00a0;<\/li><li>L\u2019utilisateur garantit l\u2019<strong>association Terre Vivante \u00e0 V\u00e9lo<\/strong> contre toute utilisation illicite, non conforme et\/ou non autoris\u00e9e, des informations accessibles via ce site\u00a0;<\/li><li>L\u2019utilisateur est seul responsable de l\u2019utilisation des informations accessibles via ce site\u00a0;<\/li><li>L\u2019<strong>association Terre Vivante \u00e0 V\u00e9lo<\/strong> se r\u00e9serve le droit de modifier \u00e0 tout moment, notamment en actualisant ce site\u00a0;<\/li><li>L\u2019<strong>association Terre Vivante \u00e0 V\u00e9lo<\/strong> se r\u00e9serve le droit de supprimer ou de modifier de plein droit, certaines des fonctionnalit\u00e9s du site, sans pr\u00e9avis ni indemnit\u00e9.<\/li><\/ul><h5><strong>Liens externes.<\/strong><\/h5><h6><strong>Cr\u00e9ation de liens vers ce site :<\/strong><\/h6><ul><li>Les liens hypertextes vers la page d\u2019accueil du site mais aussi vers les autres pages du site sont autoris\u00e9s, en ayant au pr\u00e9alable inform\u00e9 l\u2019association\u00a0par e-mail\u00a0: <a href=\"mailto:contact@terrevivanteavelo.org\">contact@terrevivanteavelo.org<\/a>.<\/li><\/ul><h6><strong>Liens vers des tiers :<\/strong><\/h6><ul><li>Le site peut proposer des liens vers des sites sur lesquels l\u2019<strong>association Terre Vivante \u00e0 V\u00e9lo<\/strong> n\u2019exerce aucun contr\u00f4le. L\u2019<strong>association Terre Vivante \u00e0 V\u00e9lo<\/strong> d\u00e9gage toute responsabilit\u00e9 quant au contenu de ces sites.<\/li><\/ul>\t\t\t\t\t\t\t\t<\/div>\n\t\t\t\t\t<\/div>\n\t\t\t\t<\/div>\n\t\t\t\t<\/div>\n\t\t","protected":false},"excerpt":{"rendered":"<p>Mentions L\u00e9gales\u00a0 Terre Vivante \u00e0 V\u00e9lo Derni\u00e8re mise \u00e0 jour : 01\/01\/2026 L\u2019objet de l\u2019association. La promotion du voyage \u00e0 v\u00e9lo et de l\u2019utilisation du v\u00e9lo comme moyen de d\u00e9placement ; L\u2019organisation de randonn\u00e9es \u00e0 v\u00e9lo en France et \u00e0 l\u2019\u00e9tranger ; Le d\u00e9veloppement des itin\u00e9raires \u00e0 v\u00e9lo sur une infrastructure de qualit\u00e9 et respectueuse [&hellip;]<\/p>\n","protected":false},"author":3,"featured_media":0,"parent":0,"menu_order":0,"comment_status":"closed","ping_status":"closed","template":"","meta":{"footnotes":""},"class_list":["post-2235","page","type-page","status-publish","hentry"],"_links":{"self":[{"href":"https:\/\/www.terrevivanteavelo.org\/index.php\/wp-json\/wp\/v2\/pages\/2235","targetHints":{"allow":["GET"]}}],"collection":[{"href":"https:\/\/www.terrevivanteavelo.org\/index.php\/wp-json\/wp\/v2\/pages"}],"about":[{"href":"https:\/\/www.terrevivanteavelo.org\/index.php\/wp-json\/wp\/v2\/types\/page"}],"author":[{"embeddable":true,"href":"https:\/\/www.terrevivanteavelo.org\/index.php\/wp-json\/wp\/v2\/users\/3"}],"replies":[{"embeddable":true,"href":"https:\/\/www.terrevivanteavelo.org\/index.php\/wp-json\/wp\/v2\/comments?post=2235"}],"version-history":[{"count":30,"href":"https:\/\/www.terrevivanteavelo.org\/index.php\/wp-json\/wp\/v2\/pages\/2235\/revisions"}],"predecessor-version":[{"id":2933,"href":"https:\/\/www.terrevivanteavelo.org\/index.php\/wp-json\/wp\/v2\/pages\/2235\/revisions\/2933"}],"wp:attachment":[{"href":"https:\/\/www.terrevivanteavelo.org\/index.php\/wp-json\/wp\/v2\/media?parent=2235"}],"curies":[{"name":"wp","href":"https:\/\/api.w.org\/{rel}","templated":true}]}}